{"id":94,"date":"2024-03-20T12:10:02","date_gmt":"2024-03-20T11:10:02","guid":{"rendered":"https:\/\/theitineraryscorner.com\/?page_id=94"},"modified":"2025-11-09T12:38:01","modified_gmt":"2025-11-09T11:38:01","slug":"contatti","status":"publish","type":"page","link":"https:\/\/theitineraryscorner.com\/index.php\/contatti\/","title":{"rendered":""},"content":{"rendered":"\n<h2 class=\"wp-block-heading has-text-align-center has-black-color has-text-color has-link-color wp-elements-d772f6f0b3d1be913462da9b175887c2\">Consulenze &amp; Contatti<\/h2>\n\n\n<div class=\"wp-block-image\">\n<figure class=\"aligncenter size-large is-resized\"><img loading=\"lazy\" decoding=\"async\" width=\"1024\" height=\"726\" src=\"https:\/\/theitineraryscorner.com\/wp-content\/uploads\/2025\/11\/Copia-di-Copertina-Abu-Dhabi-e-Dubai-1024x726.png\" alt=\"\" class=\"wp-image-2562\" style=\"width:718px;height:auto\" srcset=\"https:\/\/theitineraryscorner.com\/wp-content\/uploads\/2025\/11\/Copia-di-Copertina-Abu-Dhabi-e-Dubai-1024x726.png 1024w, https:\/\/theitineraryscorner.com\/wp-content\/uploads\/2025\/11\/Copia-di-Copertina-Abu-Dhabi-e-Dubai-300x213.png 300w, https:\/\/theitineraryscorner.com\/wp-content\/uploads\/2025\/11\/Copia-di-Copertina-Abu-Dhabi-e-Dubai-768x545.png 768w, https:\/\/theitineraryscorner.com\/wp-content\/uploads\/2025\/11\/Copia-di-Copertina-Abu-Dhabi-e-Dubai-1536x1090.png 1536w, https:\/\/theitineraryscorner.com\/wp-content\/uploads\/2025\/11\/Copia-di-Copertina-Abu-Dhabi-e-Dubai.png 1748w\" sizes=\"auto, (max-width: 1024px) 100vw, 1024px\" \/><\/figure>\n<\/div>\n\n\n<p class=\"has-text-align-center has-black-color has-text-color has-link-color wp-elements-b0fe4ce264083fa6dc7d2cf352b9a00d\">Vuoi organizzare un viaggio <strong>in autonomia<\/strong> senza spendere troppo ma non sai da dove iniziare? Oppure semplicemente non hai tempo per farlo? Siamo qui per aiutarti!<\/p>\n\n\n\n<p class=\"has-text-align-center has-black-color has-text-color has-link-color wp-elements-7a4b04876bec31aace8486fd03591e0c\">Se vuoi evitare i viaggi di gruppo o pacchetti costosi e preferisci viaggiare da solo o con la tua famiglia\/amici dando priorit\u00e0 alle tue preferenze e a ci\u00f2 che pi\u00f9 ami fare durante un viaggio, senza avere una tabella di marcia serrata, sei nel posto giusto! Il nostro aiuto potrebbe esserti utile per ricevere <strong>consigli <\/strong>e <strong>suggerimenti <\/strong>al fine di creare un <strong>itinerario <\/strong>fatto <strong>su misura<\/strong> per te.<\/p>\n\n\n\n<p class=\"has-text-align-center\">ATTENZIONE: <strong>non siamo degli agenti di viaggio<\/strong> e <strong>non operiamo come intermediari<\/strong>, <strong>non assumendoci dunque le responsabilit\u00e0 proprie di queste figure professionali<\/strong>; quindi <strong>non possiamo prenotare direttamente per te alcun servizio<\/strong> ma possiamo guidarti offrendoti tutti gli strumenti e i consigli necessari per la buona riuscita del tuo prossimo viaggio, cercando di farti <strong>risparmiare il pi\u00f9 possibile<\/strong>. Ti diciamo <strong>come fare<\/strong>, sei tu al centro del tuo viaggio e della sua organizzazione.<\/p>\n\n\n\n<p class=\"has-text-align-center\">Ecco, quindi, cosa possiamo offrirti:<\/p>\n\n\n\n<ul class=\"wp-block-list\">\n<li>Una <strong>chiamata\/videochiamata<\/strong> conoscitiva senza alcun impegno (o un incontro se abiti in zone limitrofe) in cui raccoglieremo tutte le informazioni su le tue preferenze ed esigenze riguardanti il tuo viaggio (destinazione, budget, periodo di interesse, attivit\u00e0 da svolgere, ecc.);<\/li>\n<\/ul>\n\n\n\n<ul class=\"wp-block-list\">\n<li>Ci prenderemo il tempo necessario (3-7 giorni) per preparare per te una bozza dell&#8217;<strong>itinerario<\/strong> con voli, hotel, attivit\u00e0 e ristoranti raccomandati (che dovrai poi prenotare <strong>in autonomia<\/strong>). La bozza dell&#8217;itinerario quindi comprender\u00e0:<\/li>\n<\/ul>\n\n\n\n<p class=\"has-text-align-center\">&#8211; <strong>Itinerario <\/strong>dettagliato per ogni giorno di viaggio con <strong>mezzi di trasporto, km percorsi e mappe<\/strong><\/p>\n\n\n\n<p class=\"has-text-align-center\">&#8211; <strong>Attivit\u00e0 ed esperienze <\/strong>da svolgere consigliate<\/p>\n\n\n\n<p class=\"has-text-align-center\">&#8211; Raccomandazioni su <strong>voli <\/strong>e <strong>hotel<\/strong><\/p>\n\n\n\n<p class=\"has-text-align-center\">&#8211; <strong>Consigli <\/strong>su <strong>cosa <\/strong>e <strong>dove mangiare<\/strong><\/p>\n\n\n\n<p class=\"has-text-align-center\">&#8211;<strong>Info <\/strong>utili (documenti, sim, moneta, app utili, assicurazione, ecc.)<\/p>\n\n\n\n<ul class=\"wp-block-list\">\n<li>Ti invieremo la nostra <strong>bozza <\/strong>dell&#8217;itinerario in <strong>PDF <\/strong>e ci risentiremo per eventuali <strong>modifiche <\/strong>e\/o per la <strong>conferma <\/strong>definitiva. Sarai libero di accettare o meno ogni nostro consiglio e di modificare l&#8217;itinerario secondo le tue necessit\u00e0. Inoltre, ti invieremo tutti i <strong>link per prenotare<\/strong> in <strong>autonomia <\/strong>e <strong>sicurezza <\/strong>voli, hotel e attivit\u00e0.<\/li>\n<\/ul>\n\n\n\n<ul class=\"wp-block-list\">\n<li>Avrai con te il tuo <strong>itinerario personalizzato definitivo <\/strong>e sarai cos\u00ec pronto a partire in completa <strong>autonomia<\/strong>, contando sui nostri consigli anche <strong>durante il tuo viaggio<\/strong>: in caso di dubbi o problemi sapremo darti i giusti suggerimenti su come risolverli.<\/li>\n<\/ul>\n\n\n\n<p class=\"has-text-align-center\">Per ricevere ulteriori informazioni, compila il <strong>form <\/strong>qui sotto o inviaci una <strong>e-mail<\/strong> all&#8217;indirizzo <mark style=\"background-color:rgba(0, 0, 0, 0)\" class=\"has-inline-color has-white-color\">theitineraryscorner@outlook.com<\/mark>, indicandoci nel messaggio la destinazione del tuo viaggio e quale aiuto desideri.<\/p>\n\n\n<style id=\"wpforms-css-vars-2522-block-a3c52039-4c87-427e-9621-bb98ee0a8f8f\">\n\t\t\t\t#wpforms-2522.wpforms-block-a3c52039-4c87-427e-9621-bb98ee0a8f8f {\n\t\t\t\t--wpforms-field-size-input-height: 43px;\n--wpforms-field-size-input-spacing: 15px;\n--wpforms-field-size-font-size: 16px;\n--wpforms-field-size-line-height: 19px;\n--wpforms-field-size-padding-h: 14px;\n--wpforms-field-size-checkbox-size: 16px;\n--wpforms-field-size-sublabel-spacing: 5px;\n--wpforms-field-size-icon-size: 1;\n--wpforms-label-size-font-size: 16px;\n--wpforms-label-size-line-height: 19px;\n--wpforms-label-size-sublabel-font-size: 14px;\n--wpforms-label-size-sublabel-line-height: 17px;\n--wpforms-button-size-font-size: 17px;\n--wpforms-button-size-height: 41px;\n--wpforms-button-size-padding-h: 15px;\n--wpforms-button-size-margin-top: 10px;\n\t\t\t}\n\t\t\t<\/style><div class=\"wpforms-container wpforms-container-full wpforms-block wpforms-block-a3c52039-4c87-427e-9621-bb98ee0a8f8f wpforms-render-modern\" id=\"wpforms-2522\"><form id=\"wpforms-form-2522\" class=\"wpforms-validate wpforms-form wpforms-ajax-form\" data-formid=\"2522\" method=\"post\" enctype=\"multipart\/form-data\" action=\"\/index.php\/wp-json\/wp\/v2\/pages\/94\" data-token=\"551170b5b260eef66d3148bc7d172eb4\" data-token-time=\"1778077912\"><div class=\"wpforms-head-container\"><div class=\"wpforms-title\">Contattaci<\/div><\/div><noscript class=\"wpforms-error-noscript\">Abilita JavaScript nel browser per completare questo modulo.<\/noscript><div id=\"wpforms-error-noscript\" style=\"display: none;\">Abilita JavaScript nel browser per completare questo modulo.<\/div><div class=\"wpforms-field-container\">\t\t<div id=\"wpforms-2522-field_4-container\"\n\t\t\tclass=\"wpforms-field wpforms-field-text\"\n\t\t\tdata-field-type=\"text\"\n\t\t\tdata-field-id=\"4\"\n\t\t\t>\n\t\t\t<label class=\"wpforms-field-label\" for=\"wpforms-2522-field_4\" >o Email Commento<\/label>\n\t\t\t<input type=\"text\" id=\"wpforms-2522-field_4\" class=\"wpforms-field-medium\" name=\"wpforms[fields][4]\" >\n\t\t<\/div>\n\t\t<div id=\"wpforms-2522-field_1-container\" class=\"wpforms-field wpforms-field-name\" data-field-id=\"1\"><fieldset><legend class=\"wpforms-field-label\">Nome <span class=\"wpforms-required-label\" aria-hidden=\"true\">*<\/span><\/legend><div class=\"wpforms-field-row wpforms-field-medium\"><div class=\"wpforms-field-row-block wpforms-first wpforms-one-half\"><input type=\"text\" id=\"wpforms-2522-field_1\" class=\"wpforms-field-name-first wpforms-field-required\" name=\"wpforms[fields][1][first]\" aria-errormessage=\"wpforms-2522-field_1-error\" required><label for=\"wpforms-2522-field_1\" class=\"wpforms-field-sublabel after\">Nome<\/label><\/div><div class=\"wpforms-field-row-block wpforms-one-half\"><input type=\"text\" id=\"wpforms-2522-field_1-last\" class=\"wpforms-field-name-last wpforms-field-required\" name=\"wpforms[fields][1][last]\" aria-errormessage=\"wpforms-2522-field_1-last-error\" required><label for=\"wpforms-2522-field_1-last\" class=\"wpforms-field-sublabel after\">Cognome<\/label><\/div><\/div><\/fieldset><\/div><div id=\"wpforms-2522-field_2-container\" class=\"wpforms-field wpforms-field-email\" data-field-id=\"2\"><label class=\"wpforms-field-label\" for=\"wpforms-2522-field_2\">Email <span class=\"wpforms-required-label\" aria-hidden=\"true\">*<\/span><\/label><input type=\"email\" id=\"wpforms-2522-field_2\" class=\"wpforms-field-medium wpforms-field-required\" name=\"wpforms[fields][2]\" spellcheck=\"false\" aria-errormessage=\"wpforms-2522-field_2-error\" required><\/div><div id=\"wpforms-2522-field_3-container\" class=\"wpforms-field wpforms-field-textarea\" data-field-id=\"3\"><label class=\"wpforms-field-label\" for=\"wpforms-2522-field_3\">Commento o messaggio<\/label><textarea id=\"wpforms-2522-field_3\" class=\"wpforms-field-medium\" name=\"wpforms[fields][3]\" aria-errormessage=\"wpforms-2522-field_3-error\" ><\/textarea><\/div><script>\n\t\t\t\t( function() {\n\t\t\t\t\tconst style = document.createElement( 'style' );\n\t\t\t\t\tstyle.appendChild( document.createTextNode( '#wpforms-2522-field_4-container { position: absolute !important; overflow: hidden !important; display: inline !important; height: 1px !important; width: 1px !important; z-index: -1000 !important; padding: 0 !important; } #wpforms-2522-field_4-container input { visibility: hidden; } #wpforms-conversational-form-page #wpforms-2522-field_4-container label { counter-increment: none; }' ) );\n\t\t\t\t\tdocument.head.appendChild( style );\n\t\t\t\t\tdocument.currentScript?.remove();\n\t\t\t\t} )();\n\t\t\t<\/script><\/div><!-- .wpforms-field-container --><div class=\"wpforms-recaptcha-container wpforms-is-recaptcha wpforms-is-recaptcha-type-v2\" ><div class=\"g-recaptcha\" data-sitekey=\"6LdrzRssAAAAAB8Toa7cfVMIVRBN5G6HBSxPsqns\"><\/div><input type=\"text\" name=\"g-recaptcha-hidden\" class=\"wpforms-recaptcha-hidden\" style=\"position:absolute!important;clip:rect(0,0,0,0)!important;height:1px!important;width:1px!important;border:0!important;overflow:hidden!important;padding:0!important;margin:0!important;\" data-rule-recaptcha=\"1\"><\/div><div class=\"wpforms-submit-container\" ><input type=\"hidden\" name=\"wpforms[id]\" value=\"2522\"><input type=\"hidden\" name=\"page_title\" value=\"\"><input type=\"hidden\" name=\"page_url\" value=\"https:\/\/theitineraryscorner.com\/index.php\/wp-json\/wp\/v2\/pages\/94\"><input type=\"hidden\" name=\"url_referer\" value=\"\"><button type=\"submit\" name=\"wpforms[submit]\" id=\"wpforms-submit-2522\" class=\"wpforms-submit\" data-alt-text=\"Invio in corso...\" data-submit-text=\"Invia\" aria-live=\"assertive\" value=\"wpforms-submit\">Invia<\/button><img loading=\"lazy\" decoding=\"async\" src=\"https:\/\/theitineraryscorner.com\/wp-content\/plugins\/wpforms-lite\/assets\/images\/submit-spin.svg\" class=\"wpforms-submit-spinner\" style=\"display: none;\" width=\"26\" height=\"26\" alt=\"Caricamento\"><\/div><\/form><\/div>  <!-- .wpforms-container -->","protected":false},"excerpt":{"rendered":"<p>Consulenze &amp; Contatti Vuoi organizzare un viaggio in autonomia senza &hellip; <\/p>\n","protected":false},"author":1,"featured_media":0,"parent":0,"menu_order":0,"comment_status":"open","ping_status":"closed","template":"","meta":{"om_disable_all_campaigns":false,"_monsterinsights_skip_tracking":false,"_monsterinsights_sitenote_active":false,"_monsterinsights_sitenote_note":"","_monsterinsights_sitenote_category":0,"_uf_show_specific_survey":0,"_uf_disable_surveys":false,"footnotes":""},"class_list":["post-94","page","type-page","status-publish","hentry","has-meta"],"aioseo_notices":[],"_links":{"self":[{"href":"https:\/\/theitineraryscorner.com\/index.php\/wp-json\/wp\/v2\/pages\/94","targetHints":{"allow":["GET"]}}],"collection":[{"href":"https:\/\/theitineraryscorner.com\/index.php\/wp-json\/wp\/v2\/pages"}],"about":[{"href":"https:\/\/theitineraryscorner.com\/index.php\/wp-json\/wp\/v2\/types\/page"}],"author":[{"embeddable":true,"href":"https:\/\/theitineraryscorner.com\/index.php\/wp-json\/wp\/v2\/users\/1"}],"replies":[{"embeddable":true,"href":"https:\/\/theitineraryscorner.com\/index.php\/wp-json\/wp\/v2\/comments?post=94"}],"version-history":[{"count":45,"href":"https:\/\/theitineraryscorner.com\/index.php\/wp-json\/wp\/v2\/pages\/94\/revisions"}],"predecessor-version":[{"id":2679,"href":"https:\/\/theitineraryscorner.com\/index.php\/wp-json\/wp\/v2\/pages\/94\/revisions\/2679"}],"wp:attachment":[{"href":"https:\/\/theitineraryscorner.com\/index.php\/wp-json\/wp\/v2\/media?parent=94"}],"curies":[{"name":"wp","href":"https:\/\/api.w.org\/{rel}","templated":true}]}}